{"id":16,"date":"2022-12-28T16:57:51","date_gmt":"2022-12-28T16:57:51","guid":{"rendered":"https:\/\/iconicmedia.digital\/?page_id=16"},"modified":"2023-01-04T16:17:42","modified_gmt":"2023-01-04T16:17:42","slug":"refund_returns","status":"publish","type":"page","link":"https:\/\/iconicmedia.digital\/de\/refund_returns\/","title":{"rendered":"R\u00fcckgaberecht"},"content":{"rendered":"<div data-elementor-type=\"wp-page\" data-elementor-id=\"16\" class=\"elementor elementor-16\">\n\t\t\t\t\t\t\t\t\t<section class=\"elementor-section elementor-top-section elementor-element elementor-element-9afe7ad elementor-section-boxed elementor-section-height-default elementor-section-height-default\" data-id=\"9afe7ad\" data-element_type=\"section\">\n\t\t\t\t\t\t<div class=\"elementor-container elementor-column-gap-default\">\n\t\t\t\t\t<div class=\"elementor-column elementor-col-100 elementor-top-column elementor-element elementor-element-7be8e65\" data-id=\"7be8e65\" data-element_type=\"column\">\n\t\t\t<div class=\"elementor-widget-wrap elementor-element-populated\">\n\t\t\t\t\t\t\t\t<div class=\"elementor-element elementor-element-30622fa elementor-widget elementor-widget-heading\" data-id=\"30622fa\" data-element_type=\"widget\" data-widget_type=\"heading.default\">\n\t\t\t\t<div class=\"elementor-widget-container\">\n\t\t\t<style>\/*! elementor - v3.9.2 - 21-12-2022 *\/\n.elementor-heading-title{padding:0;margin:0;line-height:1}.elementor-widget-heading .elementor-heading-title[class*=elementor-size-]>a{color:inherit;font-size:inherit;line-height:inherit}.elementor-widget-heading .elementor-heading-title.elementor-size-small{font-size:15px}.elementor-widget-heading .elementor-heading-title.elementor-size-medium{font-size:19px}.elementor-widget-heading .elementor-heading-title.elementor-size-large{font-size:29px}.elementor-widget-heading .elementor-heading-title.elementor-size-xl{font-size:39px}.elementor-widget-heading .elementor-heading-title.elementor-size-xxl{font-size:59px}<\/style><h2 class=\"elementor-heading-title elementor-size-default\">R\u00fcckgaberecht<\/h2>\t\t<\/div>\n\t\t\t\t<\/div>\n\t\t\t\t<div class=\"elementor-element elementor-element-63af225 elementor-widget elementor-widget-text-editor\" data-id=\"63af225\" data-element_type=\"widget\" data-widget_type=\"text-editor.default\">\n\t\t\t\t<div class=\"elementor-widget-container\">\n\t\t\t<style>\/*! elementor - v3.9.2 - 21-12-2022 *\/\n.elementor-widget-text-editor.elementor-drop-cap-view-stacked .elementor-drop-cap{background-color:#818a91;color:#fff}.elementor-widget-text-editor.elementor-drop-cap-view-framed .elementor-drop-cap{color:#818a91;border:3px solid;background-color:transparent}.elementor-widget-text-editor:not(.elementor-drop-cap-view-default) .elementor-drop-cap{margin-top:8px}.elementor-widget-text-editor:not(.elementor-drop-cap-view-default) .elementor-drop-cap-letter{width:1em;height:1em}.elementor-widget-text-editor .elementor-drop-cap{float:left;text-align:center;line-height:1;font-size:50px}.elementor-widget-text-editor .elementor-drop-cap-letter{display:inline-block}<\/style>\t\t\t\t<p><span data-sheets-value=\"{&quot;1&quot;:2,&quot;2&quot;:&quot;We are thankful you choose our service to promote your brand on social networks. If you\u2019re not 100% satisfied with your purchase, we want to make things right.&quot;}\" data-sheets-userformat=\"{&quot;2&quot;:15105,&quot;3&quot;:{&quot;1&quot;:0},&quot;11&quot;:4,&quot;12&quot;:0,&quot;14&quot;:{&quot;1&quot;:2,&quot;2&quot;:0},&quot;15&quot;:&quot;\\&quot;Times New Roman\\&quot;&quot;,&quot;16&quot;:12}\">Wir freuen uns, dass Sie sich f\u00fcr unseren Service entschieden haben, um Ihre Marke in sozialen Netzwerken zu bewerben. Wenn Sie mit Ihrem Kauf nicht 100 % zufrieden sind, m\u00f6chten wir die Dinge richtig machen.<\/span><\/p>\t\t\t\t\t\t<\/div>\n\t\t\t\t<\/div>\n\t\t\t\t<div class=\"elementor-element elementor-element-e2d72b0 elementor-widget elementor-widget-heading\" data-id=\"e2d72b0\" data-element_type=\"widget\" data-widget_type=\"heading.default\">\n\t\t\t\t<div class=\"elementor-widget-container\">\n\t\t\t<h2 class=\"elementor-heading-title elementor-size-default\">Berechtigung<\/h2>\t\t<\/div>\n\t\t\t\t<\/div>\n\t\t\t\t<div class=\"elementor-element elementor-element-55e6741 text-policy-link elementor-widget elementor-widget-text-editor\" data-id=\"55e6741\" data-element_type=\"widget\" data-widget_type=\"text-editor.default\">\n\t\t\t\t<div class=\"elementor-widget-container\">\n\t\t\t\t\t\t\t<p><span data-sheets-value=\"{&quot;1&quot;:2,&quot;2&quot;:&quot;Here are the criteria your order must meet to be eligible for a refund:&quot;}\" data-sheets-userformat=\"{&quot;2&quot;:15105,&quot;3&quot;:{&quot;1&quot;:0},&quot;11&quot;:4,&quot;12&quot;:0,&quot;14&quot;:{&quot;1&quot;:2,&quot;2&quot;:0},&quot;15&quot;:&quot;\\&quot;Times New Roman\\&quot;&quot;,&quot;16&quot;:12}\">Hier sind die Kriterien, die Ihre Bestellung erf\u00fcllen muss, um f\u00fcr eine R\u00fcckerstattung in Frage zu kommen:<\/span><\/p><p>\u00a0<\/p><ul><li><span data-sheets-value=\"{&quot;1&quot;:2,&quot;2&quot;:&quot;You must have paid your order within [30] calendar days.&quot;}\" data-sheets-userformat=\"{&quot;2&quot;:15105,&quot;3&quot;:{&quot;1&quot;:0},&quot;11&quot;:4,&quot;12&quot;:0,&quot;14&quot;:{&quot;1&quot;:2,&quot;2&quot;:0},&quot;15&quot;:&quot;\\&quot;Times New Roman\\&quot;&quot;,&quot;16&quot;:12}\">Sie m\u00fcssen Ihre Bestellung innerhalb von [30] Kalendertagen bezahlt haben.<\/span><\/li><li><span data-sheets-value=\"{&quot;1&quot;:2,&quot;2&quot;:&quot;You must be able to provide proof of purchase (account or credit card statement).&quot;}\" data-sheets-userformat=\"{&quot;2&quot;:15105,&quot;3&quot;:{&quot;1&quot;:0},&quot;11&quot;:4,&quot;12&quot;:0,&quot;14&quot;:{&quot;1&quot;:2,&quot;2&quot;:0},&quot;15&quot;:&quot;\\&quot;Times New Roman\\&quot;&quot;,&quot;16&quot;:12}\">Sie m\u00fcssen einen Kaufnachweis (Konto- oder Kreditkartenabrechnung) vorlegen k\u00f6nnen.<\/span><\/li><li><span data-sheets-value=\"{&quot;1&quot;:2,&quot;2&quot;:&quot;None of the services has been provided at the moment of a claim. In case you have already got designed layouts, original branded templates, content, or launched a promotion, we cannot refund. In this case, we can only negotiate the changes and optimisation of the promotion process.&quot;}\" data-sheets-userformat=\"{&quot;2&quot;:15105,&quot;3&quot;:{&quot;1&quot;:0},&quot;11&quot;:4,&quot;12&quot;:0,&quot;14&quot;:{&quot;1&quot;:2,&quot;2&quot;:0},&quot;15&quot;:&quot;\\&quot;Times New Roman\\&quot;&quot;,&quot;16&quot;:12}\">Keine der Dienstleistungen wurde zum Zeitpunkt der Reklamation erbracht. Falls Sie bereits gestaltete Layouts, Original-Markenvorlagen, Inhalte oder eine Werbeaktion gestartet haben, k\u00f6nnen wir keine R\u00fcckerstattung leisten. In diesem Fall k\u00f6nnen wir nur die \u00c4nderungen und Optimierung des Promotionprozesses verhandeln.<\/span><\/li><\/ul>\t\t\t\t\t\t<\/div>\n\t\t\t\t<\/div>\n\t\t\t\t<div class=\"elementor-element elementor-element-c8f3ffe elementor-widget elementor-widget-heading\" data-id=\"c8f3ffe\" data-element_type=\"widget\" data-widget_type=\"heading.default\">\n\t\t\t\t<div class=\"elementor-widget-container\">\n\t\t\t<h2 class=\"elementor-heading-title elementor-size-default\">Was passiert nach dem F\u00f6rderzeitraum?<\/h2>\t\t<\/div>\n\t\t\t\t<\/div>\n\t\t\t\t<div class=\"elementor-element elementor-element-437f2f8 text-policy-link elementor-widget elementor-widget-text-editor\" data-id=\"437f2f8\" data-element_type=\"widget\" data-widget_type=\"text-editor.default\">\n\t\t\t\t<div class=\"elementor-widget-container\">\n\t\t\t\t\t\t\t<p><span data-sheets-value=\"{&quot;1&quot;:2,&quot;2&quot;:&quot;We can\u2019t accept returns after [30] calendar days have passed.&quot;}\" data-sheets-userformat=\"{&quot;2&quot;:15105,&quot;3&quot;:{&quot;1&quot;:0},&quot;11&quot;:4,&quot;12&quot;:0,&quot;14&quot;:{&quot;1&quot;:2,&quot;2&quot;:0},&quot;15&quot;:&quot;\\&quot;Times New Roman\\&quot;&quot;,&quot;16&quot;:12}\">Wir k\u00f6nnen R\u00fccksendungen nach Ablauf von [30] Kalendertagen nicht annehmen.<\/span><\/p>\t\t\t\t\t\t<\/div>\n\t\t\t\t<\/div>\n\t\t\t\t<div class=\"elementor-element elementor-element-863f95f elementor-widget elementor-widget-heading\" data-id=\"863f95f\" data-element_type=\"widget\" data-widget_type=\"heading.default\">\n\t\t\t\t<div class=\"elementor-widget-container\">\n\t\t\t<h2 class=\"elementor-heading-title elementor-size-default\">Erstattung<\/h2>\t\t<\/div>\n\t\t\t\t<\/div>\n\t\t\t\t<div class=\"elementor-element elementor-element-107cf85 text-policy-link elementor-widget elementor-widget-text-editor\" data-id=\"107cf85\" data-element_type=\"widget\" data-widget_type=\"text-editor.default\">\n\t\t\t\t<div class=\"elementor-widget-container\">\n\t\t\t\t\t\t\t<p><span data-sheets-value=\"{&quot;1&quot;:2,&quot;2&quot;:&quot;You can receive your refund as:&quot;}\" data-sheets-userformat=\"{&quot;2&quot;:15105,&quot;3&quot;:{&quot;1&quot;:0},&quot;11&quot;:4,&quot;12&quot;:0,&quot;14&quot;:{&quot;1&quot;:2,&quot;2&quot;:0},&quot;15&quot;:&quot;\\&quot;Times New Roman\\&quot;&quot;,&quot;16&quot;:12}\">Sie k\u00f6nnen Ihre R\u00fcckerstattung erhalten als:<\/span><\/p><p>\u00a0<\/p><ul><li><span data-sheets-value=\"{&quot;1&quot;:2,&quot;2&quot;:&quot;An original payment.&quot;}\" data-sheets-userformat=\"{&quot;2&quot;:15105,&quot;3&quot;:{&quot;1&quot;:0},&quot;11&quot;:4,&quot;12&quot;:0,&quot;14&quot;:{&quot;1&quot;:2,&quot;2&quot;:0},&quot;15&quot;:&quot;\\&quot;Times New Roman\\&quot;&quot;,&quot;16&quot;:12}\">Eine originelle Zahlung.<\/span><\/li><li><span data-sheets-value=\"{&quot;1&quot;:2,&quot;2&quot;:&quot;Service exchange.&quot;}\" data-sheets-userformat=\"{&quot;2&quot;:15105,&quot;3&quot;:{&quot;1&quot;:0},&quot;11&quot;:4,&quot;12&quot;:0,&quot;14&quot;:{&quot;1&quot;:2,&quot;2&quot;:0},&quot;15&quot;:&quot;\\&quot;Times New Roman\\&quot;&quot;,&quot;16&quot;:12}\">Service-Austausch.<\/span><\/li><\/ul>\t\t\t\t\t\t<\/div>\n\t\t\t\t<\/div>\n\t\t\t\t<div class=\"elementor-element elementor-element-a0911ed elementor-widget elementor-widget-heading\" data-id=\"a0911ed\" data-element_type=\"widget\" data-widget_type=\"heading.default\">\n\t\t\t\t<div class=\"elementor-widget-container\">\n\t\t\t<h2 class=\"elementor-heading-title elementor-size-default\">Wann ist mit der R\u00fcckerstattung zu rechnen<\/h2>\t\t<\/div>\n\t\t\t\t<\/div>\n\t\t\t\t<div class=\"elementor-element elementor-element-07f8ea1 text-policy-link elementor-widget elementor-widget-text-editor\" data-id=\"07f8ea1\" data-element_type=\"widget\" data-widget_type=\"text-editor.default\">\n\t\t\t\t<div class=\"elementor-widget-container\">\n\t\t\t\t\t\t\t<p><span data-sheets-value=\"{&quot;1&quot;:2,&quot;2&quot;:&quot;Once we receive your claim for a refund, it will take 3-5 days for us to process the request and initiate the refund. When the request is processed, we will post the refund to your preferred refund method. If you paid by debit or credit card, please allow an additional 2-4 weeks for the payment to post to your account.&quot;}\" data-sheets-userformat=\"{&quot;2&quot;:15105,&quot;3&quot;:{&quot;1&quot;:0},&quot;11&quot;:4,&quot;12&quot;:0,&quot;14&quot;:{&quot;1&quot;:2,&quot;2&quot;:0},&quot;15&quot;:&quot;\\&quot;Times New Roman\\&quot;&quot;,&quot;16&quot;:12}\">Sobald wir Ihren Antrag auf R\u00fcckerstattung erhalten haben, dauert es 3-5 Tage, bis wir den Antrag bearbeitet und die R\u00fcckerstattung eingeleitet haben. Wenn die Anfrage bearbeitet wurde, buchen wir die R\u00fcckerstattung auf Ihre bevorzugte R\u00fcckerstattungsmethode. Wenn Sie per Debit- oder Kreditkarte bezahlt haben, warten Sie bitte weitere 2-4 Wochen, bis die Zahlung Ihrem Konto gutgeschrieben wird.<\/span><\/p>\t\t\t\t\t\t<\/div>\n\t\t\t\t<\/div>\n\t\t\t\t<div class=\"elementor-element elementor-element-0df1e31 elementor-widget elementor-widget-heading\" data-id=\"0df1e31\" data-element_type=\"widget\" data-widget_type=\"heading.default\">\n\t\t\t\t<div class=\"elementor-widget-container\">\n\t\t\t<h2 class=\"elementor-heading-title elementor-size-default\">Kontaktiere uns<\/h2>\t\t<\/div>\n\t\t\t\t<\/div>\n\t\t\t\t<div class=\"elementor-element elementor-element-0fffc12 text-policy-link elementor-widget elementor-widget-text-editor\" data-id=\"0fffc12\" data-element_type=\"widget\" data-widget_type=\"text-editor.default\">\n\t\t\t\t<div class=\"elementor-widget-container\">\n\t\t\t\t\t\t\t<p><span data-sheets-value=\"{&quot;1&quot;:2,&quot;2&quot;:&quot;If you have any questions, please contact us through the following:&quot;}\" data-sheets-userformat=\"{&quot;2&quot;:15105,&quot;3&quot;:{&quot;1&quot;:0},&quot;11&quot;:4,&quot;12&quot;:0,&quot;14&quot;:{&quot;1&quot;:2,&quot;2&quot;:0},&quot;15&quot;:&quot;\\&quot;Times New Roman\\&quot;&quot;,&quot;16&quot;:12}\">Wenn Sie Fragen haben, kontaktieren Sie uns bitte wie folgt:<\/span><\/p><p>\u00a0<\/p><ul><li>Email: <a class=\"waffle-rich-text-link\" href=\"mailto:info@iconicmedia.digital\">info@iconicmedia.digital<\/a><\/li><li>Telefon: <a href=\"tel:+447458148293\">+447458148293<\/a><\/li><li>Kontaktseite: <a class=\"waffle-rich-text-link\" href=\"https:\/\/iconicmedia.digital\/de\/contact\/\">https:\/\/iconicmedia.digital\/contact\/<\/a><\/li><\/ul>\t\t\t\t\t\t<\/div>\n\t\t\t\t<\/div>\n\t\t\t\t\t<\/div>\n\t\t<\/div>\n\t\t\t\t\t\t\t<\/div>\n\t\t<\/section>\n\t\t\t\t\t\t\t<\/div>","protected":false},"excerpt":{"rendered":"<p>Refund Policy We are thankful you choose our service to promote your brand on social networks. If you\u2019re not 100% satisfied with your purchase, we want to make things right. Eligibility Here are the criteria your order must meet to be eligible for a refund: \u00a0 You must have paid your order within [30] calendar [&hellip;]<\/p>","protected":false},"author":1,"featured_media":0,"parent":0,"menu_order":0,"comment_status":"closed","ping_status":"closed","template":"elementor_header_footer","meta":{"inline_featured_image":false,"footnotes":""},"class_list":["post-16","page","type-page","status-publish","hentry"],"acf":[],"yoast_head":"<!-- This site is optimized with the Yoast SEO plugin v19.13 - https:\/\/yoast.com\/wordpress\/plugins\/seo\/ -->\n<title>Refund Policy - Iconic Media<\/title>\n<meta name=\"robots\" content=\"index, follow, max-snippet:-1, max-image-preview:large, max-video-preview:-1\" \/>\n<link rel=\"canonical\" href=\"https:\/\/iconicmedia.digital\/de\/refund_returns\/\" \/>\n<meta property=\"og:locale\" content=\"de_DE\" \/>\n<meta property=\"og:type\" content=\"article\" \/>\n<meta property=\"og:title\" content=\"Refund Policy - Iconic Media\" \/>\n<meta property=\"og:description\" content=\"Refund Policy We are thankful you choose our service to promote your brand on social networks. If you\u2019re not 100% satisfied with your purchase, we want to make things right. Eligibility Here are the criteria your order must meet to be eligible for a refund: \u00a0 You must have paid your order within [30] calendar [&hellip;]\" \/>\n<meta property=\"og:url\" content=\"https:\/\/iconicmedia.digital\/de\/refund_returns\/\" \/>\n<meta property=\"og:site_name\" content=\"Iconic Media\" \/>\n<meta property=\"article:modified_time\" content=\"2023-01-04T16:17:42+00:00\" \/>\n<meta name=\"twitter:card\" content=\"summary_large_image\" \/>\n<meta name=\"twitter:label1\" content=\"Est. reading time\" \/>\n\t<meta name=\"twitter:data1\" content=\"2\u00a0Minuten\" \/>\n<script type=\"application\/ld+json\" class=\"yoast-schema-graph\">{\"@context\":\"https:\/\/schema.org\",\"@graph\":[{\"@type\":\"WebPage\",\"@id\":\"https:\/\/iconicmedia.digital\/refund_returns\/\",\"url\":\"https:\/\/iconicmedia.digital\/refund_returns\/\",\"name\":\"Refund Policy - Iconic Media\",\"isPartOf\":{\"@id\":\"https:\/\/iconicmedia.digital\/#website\"},\"datePublished\":\"2022-12-28T16:57:51+00:00\",\"dateModified\":\"2023-01-04T16:17:42+00:00\",\"breadcrumb\":{\"@id\":\"https:\/\/iconicmedia.digital\/refund_returns\/#breadcrumb\"},\"inLanguage\":\"de-CH\",\"potentialAction\":[{\"@type\":\"ReadAction\",\"target\":[\"https:\/\/iconicmedia.digital\/refund_returns\/\"]}]},{\"@type\":\"BreadcrumbList\",\"@id\":\"https:\/\/iconicmedia.digital\/refund_returns\/#breadcrumb\",\"itemListElement\":[{\"@type\":\"ListItem\",\"position\":1,\"name\":\"Home\",\"item\":\"https:\/\/iconicmedia.digital\/\"},{\"@type\":\"ListItem\",\"position\":2,\"name\":\"Refund Policy\"}]},{\"@type\":\"WebSite\",\"@id\":\"https:\/\/iconicmedia.digital\/#website\",\"url\":\"https:\/\/iconicmedia.digital\/\",\"name\":\"Iconic Media\",\"description\":\"\",\"publisher\":{\"@id\":\"https:\/\/iconicmedia.digital\/#organization\"},\"potentialAction\":[{\"@type\":\"SearchAction\",\"target\":{\"@type\":\"EntryPoint\",\"urlTemplate\":\"https:\/\/iconicmedia.digital\/?s={search_term_string}\"},\"query-input\":\"required name=search_term_string\"}],\"inLanguage\":\"de-CH\"},{\"@type\":\"Organization\",\"@id\":\"https:\/\/iconicmedia.digital\/#organization\",\"name\":\"Iconic Media\",\"url\":\"https:\/\/iconicmedia.digital\/\",\"logo\":{\"@type\":\"ImageObject\",\"inLanguage\":\"de-CH\",\"@id\":\"https:\/\/iconicmedia.digital\/#\/schema\/logo\/image\/\",\"url\":\"https:\/\/iconicmedia.digital\/wp-content\/uploads\/2022\/12\/logo-white.svg\",\"contentUrl\":\"https:\/\/iconicmedia.digital\/wp-content\/uploads\/2022\/12\/logo-white.svg\",\"width\":160,\"height\":22,\"caption\":\"Iconic Media\"},\"image\":{\"@id\":\"https:\/\/iconicmedia.digital\/#\/schema\/logo\/image\/\"}}]}<\/script>\n<!-- \/ Yoast SEO plugin. -->","yoast_head_json":{"title":"Refund Policy - Iconic Media","robots":{"index":"index","follow":"follow","max-snippet":"max-snippet:-1","max-image-preview":"max-image-preview:large","max-video-preview":"max-video-preview:-1"},"canonical":"https:\/\/iconicmedia.digital\/de\/refund_returns\/","og_locale":"de_DE","og_type":"article","og_title":"Refund Policy - Iconic Media","og_description":"Refund Policy We are thankful you choose our service to promote your brand on social networks. If you\u2019re not 100% satisfied with your purchase, we want to make things right. Eligibility Here are the criteria your order must meet to be eligible for a refund: \u00a0 You must have paid your order within [30] calendar [&hellip;]","og_url":"https:\/\/iconicmedia.digital\/de\/refund_returns\/","og_site_name":"Iconic Media","article_modified_time":"2023-01-04T16:17:42+00:00","twitter_card":"summary_large_image","twitter_misc":{"Est. reading time":"2\u00a0Minuten"},"schema":{"@context":"https:\/\/schema.org","@graph":[{"@type":"WebPage","@id":"https:\/\/iconicmedia.digital\/refund_returns\/","url":"https:\/\/iconicmedia.digital\/refund_returns\/","name":"Refund Policy - Iconic Media","isPartOf":{"@id":"https:\/\/iconicmedia.digital\/#website"},"datePublished":"2022-12-28T16:57:51+00:00","dateModified":"2023-01-04T16:17:42+00:00","breadcrumb":{"@id":"https:\/\/iconicmedia.digital\/refund_returns\/#breadcrumb"},"inLanguage":"de-CH","potentialAction":[{"@type":"ReadAction","target":["https:\/\/iconicmedia.digital\/refund_returns\/"]}]},{"@type":"BreadcrumbList","@id":"https:\/\/iconicmedia.digital\/refund_returns\/#breadcrumb","itemListElement":[{"@type":"ListItem","position":1,"name":"Home","item":"https:\/\/iconicmedia.digital\/"},{"@type":"ListItem","position":2,"name":"Refund Policy"}]},{"@type":"WebSite","@id":"https:\/\/iconicmedia.digital\/#website","url":"https:\/\/iconicmedia.digital\/","name":"Iconic Media","description":"","publisher":{"@id":"https:\/\/iconicmedia.digital\/#organization"},"potentialAction":[{"@type":"SearchAction","target":{"@type":"EntryPoint","urlTemplate":"https:\/\/iconicmedia.digital\/?s={search_term_string}"},"query-input":"required name=search_term_string"}],"inLanguage":"de-CH"},{"@type":"Organization","@id":"https:\/\/iconicmedia.digital\/#organization","name":"Iconic Media","url":"https:\/\/iconicmedia.digital\/","logo":{"@type":"ImageObject","inLanguage":"de-CH","@id":"https:\/\/iconicmedia.digital\/#\/schema\/logo\/image\/","url":"https:\/\/iconicmedia.digital\/wp-content\/uploads\/2022\/12\/logo-white.svg","contentUrl":"https:\/\/iconicmedia.digital\/wp-content\/uploads\/2022\/12\/logo-white.svg","width":160,"height":22,"caption":"Iconic Media"},"image":{"@id":"https:\/\/iconicmedia.digital\/#\/schema\/logo\/image\/"}}]}},"_links":{"self":[{"href":"https:\/\/iconicmedia.digital\/de\/wp-json\/wp\/v2\/pages\/16","targetHints":{"allow":["GET"]}}],"collection":[{"href":"https:\/\/iconicmedia.digital\/de\/wp-json\/wp\/v2\/pages"}],"about":[{"href":"https:\/\/iconicmedia.digital\/de\/wp-json\/wp\/v2\/types\/page"}],"author":[{"embeddable":true,"href":"https:\/\/iconicmedia.digital\/de\/wp-json\/wp\/v2\/users\/1"}],"replies":[{"embeddable":true,"href":"https:\/\/iconicmedia.digital\/de\/wp-json\/wp\/v2\/comments?post=16"}],"version-history":[{"count":55,"href":"https:\/\/iconicmedia.digital\/de\/wp-json\/wp\/v2\/pages\/16\/revisions"}],"predecessor-version":[{"id":3559,"href":"https:\/\/iconicmedia.digital\/de\/wp-json\/wp\/v2\/pages\/16\/revisions\/3559"}],"wp:attachment":[{"href":"https:\/\/iconicmedia.digital\/de\/wp-json\/wp\/v2\/media?parent=16"}],"curies":[{"name":"wp","href":"https:\/\/api.w.org\/{rel}","templated":true}]}}